{"id":600,"date":"2020-07-11T13:56:37","date_gmt":"2020-07-11T13:56:37","guid":{"rendered":"https:\/\/hintzonline.de\/unterkunft\/?page_id=600"},"modified":"2020-09-25T06:15:21","modified_gmt":"2020-09-25T06:15:21","slug":"hotels","status":"publish","type":"page","link":"https:\/\/unterkunft-im-odenwald.de\/?page_id=600","title":{"rendered":"<center>Hotels<\/center>"},"content":{"rendered":"\n<figure class=\"wp-block-table\"><table class=\"has-fixed-layout\"><tbody><tr><td class=\"has-text-align-left\" data-align=\"left\"><strong>Lautertal<\/strong><\/td><td class=\"has-text-align-center\" data-align=\"center\"><\/td><td class=\"has-text-align-center\" data-align=\"center\"><\/td><\/tr><tr><td class=\"has-text-align-left\" data-align=\"left\"><img loading=\"lazy\" decoding=\"async\" width=\"250\" height=\"188\" class=\"wp-image-645\" style=\"width: 250px;\" src=\"http:\/\/unterkunft-im-odenwald.de\/wp-content\/uploads\/2020\/07\/Am-Nibelungensteig.jpg\" alt=\"\"><\/td><td class=\"has-text-align-center\" data-align=\"center\"><strong>G\u00e4stehaus \u201cAm Nibelungensteig\u201d<\/strong><br>Inh. Friedrich und Wolfgang Mink<br>Beedenkirchener Str. 34 A<br>64686 Lautertal-Reichenbach<\/td><td class=\"has-text-align-center\" data-align=\"center\">Tel. +49 (0)151\/42594335<br>Fax. +49 (0)6254\/2273<br>E-Mail:\u00a0<a href=\"mailto:gasthaus-zurtraube@gmx.de?subject=Anfrage%20aus%20Portal%20Unterkunft%20im%20Odenwald\">gasthaus-zurtraube@gmx.de<\/a><br>Internet:\u00a0<a rel=\"noreferrer noopener\" href=\"https:\/\/www.zurtraube-lautertal.de\/\" target=\"_blank\">www.zurtraube-lautertal.de<\/a><\/td><\/tr><tr><td class=\"has-text-align-left\" data-align=\"left\"><strong>Lindenfels<\/strong><\/td><td class=\"has-text-align-center\" data-align=\"center\"><\/td><td class=\"has-text-align-center\" data-align=\"center\"><\/td><\/tr><tr><td class=\"has-text-align-left\" data-align=\"left\"><img loading=\"lazy\" decoding=\"async\" width=\"250\" height=\"167\" class=\"wp-image-494\" style=\"width: 250px;\" src=\"http:\/\/unterkunft-im-odenwald.de\/wp-content\/uploads\/2020\/06\/waldschl\u00f6sschen.jpg\" alt=\"\"><\/td><td class=\"has-text-align-center\" data-align=\"center\"><strong>Landgasthof \u201cWaldschl\u00f6sschen\u201d<\/strong><br>Inh. Giesela L\u00f6wer<br>Nibelungenstr. 102<br>64678 Lindenfels<\/td><td class=\"has-text-align-center\" data-align=\"center\">Tel. +49 (0)6255\/968190<br>Fax. +49 (0)6255\/2016<br>E-Mail:\u00a0<a href=\"mailto:waldschloesschenlindenfels@t-online.de?subject=Anfrage%20aus%20Portal%20Unterkunft%20im%20Odenwald\">waldschloesschenlindenfels@t-online.de<\/a><br>Internet:\u00a0<a rel=\"noreferrer noopener\" href=\"https:\/\/www.waldschloesschen-lindenfels.de\/\" target=\"_blank\">www.waldschloesschen-lindenfels.de<\/a><\/td><\/tr><tr><td class=\"has-text-align-left\" data-align=\"left\"><strong>Michelstadt<\/strong><\/td><td class=\"has-text-align-center\" data-align=\"center\"><\/td><td class=\"has-text-align-center\" data-align=\"center\"><\/td><\/tr><tr><td class=\"has-text-align-left\" data-align=\"left\"><img loading=\"lazy\" decoding=\"async\" width=\"250\" height=\"185\" class=\"wp-image-646\" style=\"width: 250px;\" src=\"http:\/\/unterkunft-im-odenwald.de\/wp-content\/uploads\/2020\/07\/City-Hotel-Mark-Michelstadt.jpg\" alt=\"\"><\/td><td class=\"has-text-align-center\" data-align=\"center\"><strong>City Hotel Mark Michelstadt<\/strong><br>Inh. Daniela Peter<br>Friedrich-Ebert-Str. 83-85<br>64720 Michelstadt<\/td><td class=\"has-text-align-center\" data-align=\"center\">Tel. +49 (0)6061\/70040<br>Fax. +49 (0)6061\/12269<br>E-Mail:\u00a0<a href=\"mailto:hotel_mark_michelstadt@web.de?subject=Anfrage%20aus%20Portal%20Unterkunft%20im%20Odenwald\">hotel_mark_michelstadt@web.de<\/a><br>Internet:\u00a0<a rel=\"noreferrer noopener\" href=\"http:\/\/www.cityhotel-markmichelstadt.de\/\" target=\"_blank\">www.cityhotel-markmichelstadt.de<\/a><\/td><\/tr><tr><td class=\"has-text-align-left\" data-align=\"left\"><strong>Mossautal<\/strong><\/td><td class=\"has-text-align-center\" data-align=\"center\"><\/td><td class=\"has-text-align-center\" data-align=\"center\"><\/td><\/tr><tr><td class=\"has-text-align-left\" data-align=\"left\"><img loading=\"lazy\" decoding=\"async\" width=\"250\" height=\"167\" class=\"wp-image-499\" style=\"width: 250px;\" src=\"http:\/\/unterkunft-im-odenwald.de\/wp-content\/uploads\/2020\/06\/Zentlinde.jpg\" alt=\"\"><\/td><td class=\"has-text-align-center\" data-align=\"center\"><strong>Hotel-Restaurant \u201cZentlinde\u201d<\/strong><br>Inh. Familie Strein<br>H\u00fcttenthaler Stra\u00dfe 37<br>64756 Mossautal-G\u00fcttersbach<\/td><td class=\"has-text-align-center\" data-align=\"center\">Tel. +49 (0)6062\/26010<br>Fax. +49 (0)6062\/5900<br>E-Mail:\u00a0<a href=\"mailto:hotel.zentlinde@t-online.de?subject=Anfrage%20aus%20Portal%20Unterkunft%20im%20Odenwald\">hotel.zentlinde@t-online.de<\/a><br>Internet:\u00a0<a rel=\"noreferrer noopener\" href=\"https:\/\/www.zentlinde.de\/\" target=\"_blank\">www.zentlinde.de<\/a><\/td><\/tr><\/tbody><\/table><\/figure>\n","protected":false},"excerpt":{"rendered":"<p>Lautertal G\u00e4stehaus \u201cAm Nibelungensteig\u201dInh. Friedrich und Wolfgang MinkBeedenkirchener Str. 34 A64686 Lautertal-Reichenbach Tel. +49 (0)151\/42594335Fax. +49 (0)6254\/2273E-Mail:\u00a0gasthaus-zurtraube@gmx.deInternet:\u00a0www.zurtraube-lautertal.de Lindenfels Landgasthof \u201cWaldschl\u00f6sschen\u201dInh. Giesela L\u00f6werNibelungenstr. 10264678 Lindenfels Tel. +49 (0)6255\/968190Fax. +49 (0)6255\/2016E-Mail:\u00a0waldschloesschenlindenfels@t-online.deInternet:\u00a0www.waldschloesschen-lindenfels.de Michelstadt City Hotel Mark MichelstadtInh. Daniela PeterFriedrich-Ebert-Str. 83-8564720 Michelstadt Tel. +49 (0)6061\/70040Fax. +49 (0)6061\/12269E-Mail:\u00a0hotel_mark_michelstadt@web.deInternet:\u00a0www.cityhotel-markmichelstadt.de Mossautal Hotel-Restaurant&nbsp;<a class=\"read-more\" href=\"https:\/\/unterkunft-im-odenwald.de\/?page_id=600\">&hellip;<\/a><\/p>\n","protected":false},"author":3,"featured_media":0,"parent":0,"menu_order":0,"comment_status":"closed","ping_status":"closed","template":"","meta":{"footnotes":""},"class_list":["post-600","page","type-page","status-publish","hentry"],"_links":{"self":[{"href":"https:\/\/unterkunft-im-odenwald.de\/index.php?rest_route=\/wp\/v2\/pages\/600","targetHints":{"allow":["GET"]}}],"collection":[{"href":"https:\/\/unterkunft-im-odenwald.de\/index.php?rest_route=\/wp\/v2\/pages"}],"about":[{"href":"https:\/\/unterkunft-im-odenwald.de\/index.php?rest_route=\/wp\/v2\/types\/page"}],"author":[{"embeddable":true,"href":"https:\/\/unterkunft-im-odenwald.de\/index.php?rest_route=\/wp\/v2\/users\/3"}],"replies":[{"embeddable":true,"href":"https:\/\/unterkunft-im-odenwald.de\/index.php?rest_route=%2Fwp%2Fv2%2Fcomments&post=600"}],"version-history":[{"count":12,"href":"https:\/\/unterkunft-im-odenwald.de\/index.php?rest_route=\/wp\/v2\/pages\/600\/revisions"}],"predecessor-version":[{"id":754,"href":"https:\/\/unterkunft-im-odenwald.de\/index.php?rest_route=\/wp\/v2\/pages\/600\/revisions\/754"}],"wp:attachment":[{"href":"https:\/\/unterkunft-im-odenwald.de\/index.php?rest_route=%2Fwp%2Fv2%2Fmedia&parent=600"}],"curies":[{"name":"wp","href":"https:\/\/api.w.org\/{rel}","templated":true}]}}