{"id":594,"date":"2020-06-24T20:36:27","date_gmt":"2020-06-24T20:36:27","guid":{"rendered":"https:\/\/hintzonline.de\/unterkunft\/?page_id=594"},"modified":"2025-08-02T17:58:21","modified_gmt":"2025-08-02T17:58:21","slug":"uebernachtungsmoeglichkeiten-am-nibelungensteig","status":"publish","type":"page","link":"https:\/\/unterkunft-im-odenwald.de\/?page_id=594","title":{"rendered":"<center>\u00dcbernachtungsm\u00f6glichkeiten am Nibelungensteig<\/center>"},"content":{"rendered":"<h4 style=\"text-align: center;\"><b>1. Etappe von Zwingenberg nach Lindenfels<\/b><\/h4>\n\n\n<figure class=\"wp-block-table aligncenter is-style-regular\"><table class=\"has-fixed-layout\"><tbody><tr><td class=\"has-text-align-left\" data-align=\"left\"><span class=\"has-inline-color has-very-dark-gray-color\"><strong>Reichenbach<\/strong><\/span><\/td><td class=\"has-text-align-center\" data-align=\"center\"><\/td><td class=\"has-text-align-center\" data-align=\"center\"><\/td><\/tr><tr><td class=\"has-text-align-left\" data-align=\"left\"><img loading=\"lazy\" decoding=\"async\" width=\"250\" height=\"188\" class=\"wp-image-645\" style=\"width: 250px;\" src=\"http:\/\/unterkunft-im-odenwald.de\/wp-content\/uploads\/2020\/07\/Am-Nibelungensteig.jpg\" alt=\"\"><\/td><td class=\"has-text-align-center\" data-align=\"center\"><strong>G\u00e4stehaus \u201cAm Nibelungensteig\u201d<\/strong><br>Inh. Wolfgang Mink<br>Beedenkirchener Str. 34 A<br>64686 Lautertal-Reichenbach<\/td><td class=\"has-text-align-center\" data-align=\"center\">Tel. +49 (0)151\/42594335<br>Fax. +49 (0)6254\/2273<br>E-Mail:\u00a0<a href=\"mailto:gasthaus-zurtraube@gmx.de?subject=Anfrage%20aus%20Portal%20Unterkunft%20im%20Odenwald\">gasthaus-zurtraube@gmx.de<\/a><br>Internet:\u00a0<a rel=\"noreferrer noopener\" href=\"https:\/\/www.zurtraube-lautertal.de\/\" target=\"_blank\">www.zurtraube-lautertal.de<\/a><\/td><\/tr><tr><td class=\"has-text-align-left\" data-align=\"left\"><span class=\"has-inline-color has-very-dark-gray-color\"><strong>Schannenbach<\/strong><\/span><\/td><td class=\"has-text-align-center\" data-align=\"center\"><\/td><td class=\"has-text-align-center\" data-align=\"center\"><\/td><\/tr><tr><td class=\"has-text-align-left\" data-align=\"left\"><img loading=\"lazy\" decoding=\"async\" width=\"250\" height=\"164\" class=\"wp-image-491\" style=\"width: 250px;\" src=\"https:\/\/gastronomie-im-odenwald.de\/wp-content\/uploads\/2020\/06\/Zum-Odenwald.jpg\" alt=\"\"><\/td><td class=\"has-text-align-center\" data-align=\"center\"><strong><strong>Gasthaus \u201cZum Odenwald\u201d<\/strong><br><\/strong>Inh. Rosemarie Altetiemann-Pfaff<br>Krehbergstr. 512<br>64686 Lautertal-Schannenbach<\/td><td class=\"has-text-align-center\" data-align=\"center\">Tel. +49 (0)6254\/502<br>Fax: +49 (0)6254\/9592261<br>E-Mail: <a href=\"mailto:gasthaus-odenwald@t-online.de?subject=Anfrage%20aus%20Portal%20Unterkunft%20im%20Odenwald\">gasthaus-odenwald@t-online.de<\/a><br>Internet: <a rel=\"noreferrer noopener\" href=\"http:\/\/www.zum-odenwald.de\/\" target=\"_blank\">www.zum-odenwald.de<\/a><\/td><\/tr><tr><td class=\"has-text-align-left\" data-align=\"left\"><span class=\"has-inline-color has-very-dark-gray-color\"><strong>Schlierbach<\/strong><\/span><\/td><td class=\"has-text-align-center\" data-align=\"center\"><\/td><td class=\"has-text-align-center\" data-align=\"center\"><\/td><\/tr><tr><td class=\"has-text-align-left\" data-align=\"left\"><img loading=\"lazy\" decoding=\"async\" width=\"250\" height=\"150\" class=\"wp-image-492\" style=\"width: 250px;\" src=\"https:\/\/gastronomie-im-odenwald.de\/wp-content\/uploads\/2020\/06\/zu-r\u00f6mischen-kaiser.jpg\" alt=\"\"><\/td><td class=\"has-text-align-center\" data-align=\"center\"><strong><strong>Gasthaus und Pension<br>\u201c Zum R\u00f6mischen Kaiser\u201d<br><\/strong><\/strong>Inh. Peter Lautenschl\u00e4ger<br>Kirchstr. 17<br>64678 Lindenfels-Schlierbach<\/td><td class=\"has-text-align-center\" data-align=\"center\">Tel. +49 (0)6255\/575<br>Fax. +49 (0)6255\/4075<br>E-Mail: <a href=\"mailto:info@zum-roemischen-kaiser.de?subject=Anfrage%20aus%20Portal%20Gastronomie%20im%20Odenwald\">info@zum-roemischen-kaiser.de<\/a><br>Internet: <a rel=\"noreferrer noopener\" href=\"http:\/\/www.zum-roemischen-kaiser.de\/\" target=\"_blank\">www.zum-roemischen-kaiser.de<\/a><\/td><\/tr><tr><td class=\"has-text-align-left\" data-align=\"left\"><span class=\"has-inline-color has-very-dark-gray-color\"><strong>Lindenfels<\/strong><\/span><\/td><td class=\"has-text-align-center\" data-align=\"center\"><\/td><td class=\"has-text-align-center\" data-align=\"center\"><\/td><\/tr><tr><td class=\"has-text-align-left\" data-align=\"left\"><img loading=\"lazy\" decoding=\"async\" width=\"250\" height=\"167\" class=\"wp-image-494\" style=\"width: 250px;\" src=\"https:\/\/gastronomie-im-odenwald.de\/wp-content\/uploads\/2020\/06\/waldschl\u00f6sschen.jpg\" alt=\"\"><\/td><td class=\"has-text-align-center\" data-align=\"center\"><strong><strong>Landgasthof \u201cWaldschl\u00f6sschen\u201d<\/strong><br><\/strong>Inh. Giesela L\u00f6wer<br>Nibelungenstr. 102<br>64678 Lindenfels<\/td><td class=\"has-text-align-center\" data-align=\"center\">Tel. +49 (0)6255\/968190<br>Fax. +49 (0)6255\/2016<br>E-Mail: <a href=\"mailto:waldschloesschenlindenfels@t-online.de?subject=Anfrage%20aus%20Portal%20Gastronomie%20im%20Odenwald\">waldschloesschenlindenfels@t-online.de<\/a><br>Internet: <a rel=\"noreferrer noopener\" href=\"https:\/\/www.waldschloesschen-lindenfels.de\/\" target=\"_blank\">www.waldschloesschen-lindenfels.de<\/a><\/td><\/tr><\/tbody><\/table><\/figure>\n\n\n<h4 style=\"text-align: center;\"><b>3. Etappe von Grasellenbach nach Erbach-Bullau<\/b><\/h4>\n\n\n<figure class=\"wp-block-table\"><table class=\"has-fixed-layout\"><tbody><tr><td><strong>G\u00fcttersbach<\/strong><\/td><td class=\"has-text-align-center\" data-align=\"center\"><\/td><td class=\"has-text-align-center\" data-align=\"center\"><\/td><\/tr><tr><td><img loading=\"lazy\" decoding=\"async\" width=\"250\" height=\"167\" class=\"wp-image-499\" style=\"width: 250px;\" src=\"http:\/\/unterkunft-im-odenwald.de\/wp-content\/uploads\/2020\/06\/Zentlinde.jpg\" alt=\"\"><\/td><td class=\"has-text-align-center\" data-align=\"center\"><strong>Hotel-Restaurant \u201cZentlinde\u201d<\/strong><br>Inh. Familie Strein<br>H\u00fcttenthaler Stra\u00dfe 37<br>64756 Mossautal-G\u00fcttersbach<\/td><td class=\"has-text-align-center\" data-align=\"center\">Tel. +49 (0)6062\/26010<br>Fax. +49 (0)6062\/5900<br>E-Mail:\u00a0<a href=\"mailto:hotel.zentlinde@t-online.de?subject=Anfrage%20aus%20Portal%20Unterkunft%20im%20Odenwald\">hotel.zentlinde@t-online.de<\/a><br>Internet:\u00a0<a rel=\"noreferrer noopener\" href=\"https:\/\/www.zentlinde.de\/\" target=\"_blank\">www.zentlinde.de<\/a><\/td><\/tr><\/tbody><\/table><\/figure>\n","protected":false},"excerpt":{"rendered":"<p>1. Etappe von Zwingenberg nach Lindenfels Reichenbach G\u00e4stehaus \u201cAm Nibelungensteig\u201dInh. Wolfgang MinkBeedenkirchener Str. 34 A64686 Lautertal-Reichenbach Tel. +49 (0)151\/42594335Fax. +49 (0)6254\/2273E-Mail:\u00a0gasthaus-zurtraube@gmx.deInternet:\u00a0www.zurtraube-lautertal.de Schannenbach Gasthaus \u201cZum Odenwald\u201dInh. Rosemarie Altetiemann-PfaffKrehbergstr. 51264686 Lautertal-Schannenbach Tel. +49 (0)6254\/502Fax: +49 (0)6254\/9592261E-Mail: gasthaus-odenwald@t-online.deInternet: www.zum-odenwald.de Schlierbach Gasthaus und Pension\u201c Zum R\u00f6mischen Kaiser\u201dInh. Peter Lautenschl\u00e4gerKirchstr.&nbsp;<a class=\"read-more\" href=\"https:\/\/unterkunft-im-odenwald.de\/?page_id=594\">&hellip;<\/a><\/p>\n","protected":false},"author":3,"featured_media":0,"parent":0,"menu_order":0,"comment_status":"closed","ping_status":"closed","template":"","meta":{"footnotes":""},"class_list":["post-594","page","type-page","status-publish","hentry"],"_links":{"self":[{"href":"https:\/\/unterkunft-im-odenwald.de\/index.php?rest_route=\/wp\/v2\/pages\/594","targetHints":{"allow":["GET"]}}],"collection":[{"href":"https:\/\/unterkunft-im-odenwald.de\/index.php?rest_route=\/wp\/v2\/pages"}],"about":[{"href":"https:\/\/unterkunft-im-odenwald.de\/index.php?rest_route=\/wp\/v2\/types\/page"}],"author":[{"embeddable":true,"href":"https:\/\/unterkunft-im-odenwald.de\/index.php?rest_route=\/wp\/v2\/users\/3"}],"replies":[{"embeddable":true,"href":"https:\/\/unterkunft-im-odenwald.de\/index.php?rest_route=%2Fwp%2Fv2%2Fcomments&post=594"}],"version-history":[{"count":5,"href":"https:\/\/unterkunft-im-odenwald.de\/index.php?rest_route=\/wp\/v2\/pages\/594\/revisions"}],"predecessor-version":[{"id":791,"href":"https:\/\/unterkunft-im-odenwald.de\/index.php?rest_route=\/wp\/v2\/pages\/594\/revisions\/791"}],"wp:attachment":[{"href":"https:\/\/unterkunft-im-odenwald.de\/index.php?rest_route=%2Fwp%2Fv2%2Fmedia&parent=594"}],"curies":[{"name":"wp","href":"https:\/\/api.w.org\/{rel}","templated":true}]}}