{"id":28,"date":"2020-03-09T19:47:57","date_gmt":"2020-03-09T19:47:57","guid":{"rendered":"https:\/\/hintzonline.de\/wordpress\/?page_id=28"},"modified":"2020-07-12T17:12:49","modified_gmt":"2020-07-12T17:12:49","slug":"agb","status":"publish","type":"page","link":"https:\/\/unterkunft-im-odenwald.de\/?page_id=28","title":{"rendered":"<center>AGB<\/center>"},"content":{"rendered":"\n<p class=\"has-text-align-center\">Mit der Zustimmung zum Eintrag eines Vermietobjekts auf dieser Website werden automatisch diese Allgemeinen Gesch\u00e4ftsbedingungen anerkannt.<\/p>\n\n\n\n<p class=\"has-text-align-center\"><strong>Leistungsumfang<\/strong><\/p>\n\n\n\n<p class=\"has-text-align-center\">Hintzonline stellt unter der Internetadresse \u201cwww.unterkunft-im-odenwald.de\u201d ein Portal f\u00fcr Hotels, Ferienwohnungen, Ferienh\u00e4user, Ferienappartments, Pensionen und Privatvermieter zur Verf\u00fcgung.<br>Die Vermieter oder Betreiber k\u00f6nnen ihre Vermietobjekte in diesem Portal eintragen lassen, wobei von Hintzonline als Betreiber nicht gepr\u00fcft wird, ob das Anbieten rechtm\u00e4ssig erfolgt.<br>Bei einer festgestellten Unrechtm\u00e4ssigkeit beh\u00e4lt sich Hintzonline vor den Eintrag zu l\u00f6schen.<br>Der suchende Gast einer Unterkunft kann durch das Internet-Portal, per Post, E-Mail, oder Telefon\/Fax direkt Kontakt zum Anbieter aufnehmen.<\/p>\n\n\n\n<p class=\"has-text-align-center\"><strong>Vertragsgegenstand<\/strong><\/p>\n\n\n\n<p class=\"has-text-align-center\">Gegenstand des Vertrages ist die Inanspruchnahme von Werbeleistungen auf der Internetseite \u201cwww.unterkunft-im- odenwald.de\u201d,<br>damit sich die G\u00e4ste \u00fcber das Angebot der Vermieter informieren und ggf. direkt bei diesem eine Buchung vornehmen k\u00f6nnen.<br>Es kommt letztendlich nur ein Mietvertrag zwischen Gast und Vermieter zustande.<br>Eine vertragliche Beziehung zwischen Gast und www.unterkunft-im-odenwald.de besteht in keinem Falle,<br>so dass auch keine Schadensersatzanspr\u00fcche gegen www.unterkunft-im-odenwald.de geltend gemacht werden k\u00f6nnen.<br>Die vom Vermieter in seinen Objektbeschreibungen gemachten Angaben werden von mir als Anbieter nicht \u00fcberpr\u00fcft.<br>Evtl. Anspr\u00fcche sind vom Gast direkt beim Vermieter geltend zu machen.<\/p>\n\n\n\n<p class=\"has-text-align-center\"><strong>Vertragsdauer<\/strong><\/p>\n\n\n\n<p class=\"has-text-align-center\">Der Vertrag gilt ab Einstellungsdatum f\u00fcr 12 Monate.<br>Der Vertrag verl\u00e4ngert sich automatisch um weitere 12 Monate,<br>wenn er nicht einen Monat vor Vertragende <strong>schriftlich<\/strong> gek\u00fcndigt wird.<\/p>\n\n\n\n<p class=\"has-text-align-center\"><strong>Ver\u00f6ffentlichung der Anzeigen<\/strong><\/p>\n\n\n\n<p class=\"has-text-align-center\">Hintzonline beh\u00e4lt sich vor, eingestellte Texte abzu\u00e4ndern, oder zu k\u00fcrzen bzw. vorgegebenen Inhalt anzupassen.<\/p>\n\n\n\n<p class=\"has-text-align-center\"><strong>Datenschutzklausel<\/strong><\/p>\n\n\n\n<p class=\"has-text-align-center\">Der Vermieter gibt die Erlaubnis, dass alle Daten welche zur Verf\u00fcgung gestellt werden, von Hintzonline gespeichert werden d\u00fcrfen.<br>Alle Daten werden nur nach Genehmigung des Vermieters an Dritte weitergegeben.<\/p>\n\n\n\n<p class=\"has-text-align-center\"><strong>Haftung<\/strong><\/p>\n\n\n\n<p class=\"has-text-align-center\">Hintzonline haftet nicht f\u00fcr technische Probleme bzw. kurzfristige Nichterreichbarkeit des Servers.<br>Weiterhin haftet Hintzonline nicht f\u00fcr Fehler in Daten, die vom Vermieter direkt bereitgestellt werden<\/p>\n\n\n\n<p class=\"has-text-align-center\">Die AGB k\u00f6nnen Sie <a href=\"http:\/\/unterkunft-im-odenwald.de\/wp-content\/uploads\/2020\/07\/AGB-Unterkunft.pdf\" target=\"_blank\" rel=\"noreferrer noopener\">Hier<\/a> als PDF downloaden.<\/p>\n\n\n\n<p><\/p>\n","protected":false},"excerpt":{"rendered":"<p>Mit der Zustimmung zum Eintrag eines Vermietobjekts auf dieser Website werden automatisch diese Allgemeinen Gesch\u00e4ftsbedingungen anerkannt. Leistungsumfang Hintzonline stellt unter der Internetadresse \u201cwww.unterkunft-im-odenwald.de\u201d ein Portal f\u00fcr Hotels, Ferienwohnungen, Ferienh\u00e4user, Ferienappartments, Pensionen und Privatvermieter zur Verf\u00fcgung.Die Vermieter oder Betreiber k\u00f6nnen ihre Vermietobjekte in diesem Portal eintragen&nbsp;<a class=\"read-more\" href=\"https:\/\/unterkunft-im-odenwald.de\/?page_id=28\">&hellip;<\/a><\/p>\n","protected":false},"author":3,"featured_media":0,"parent":0,"menu_order":0,"comment_status":"closed","ping_status":"closed","template":"","meta":{"footnotes":""},"class_list":["post-28","page","type-page","status-publish","hentry"],"_links":{"self":[{"href":"https:\/\/unterkunft-im-odenwald.de\/index.php?rest_route=\/wp\/v2\/pages\/28","targetHints":{"allow":["GET"]}}],"collection":[{"href":"https:\/\/unterkunft-im-odenwald.de\/index.php?rest_route=\/wp\/v2\/pages"}],"about":[{"href":"https:\/\/unterkunft-im-odenwald.de\/index.php?rest_route=\/wp\/v2\/types\/page"}],"author":[{"embeddable":true,"href":"https:\/\/unterkunft-im-odenwald.de\/index.php?rest_route=\/wp\/v2\/users\/3"}],"replies":[{"embeddable":true,"href":"https:\/\/unterkunft-im-odenwald.de\/index.php?rest_route=%2Fwp%2Fv2%2Fcomments&post=28"}],"version-history":[{"count":11,"href":"https:\/\/unterkunft-im-odenwald.de\/index.php?rest_route=\/wp\/v2\/pages\/28\/revisions"}],"predecessor-version":[{"id":731,"href":"https:\/\/unterkunft-im-odenwald.de\/index.php?rest_route=\/wp\/v2\/pages\/28\/revisions\/731"}],"wp:attachment":[{"href":"https:\/\/unterkunft-im-odenwald.de\/index.php?rest_route=%2Fwp%2Fv2%2Fmedia&parent=28"}],"curies":[{"name":"wp","href":"https:\/\/api.w.org\/{rel}","templated":true}]}}