{"id":26,"date":"2020-03-09T19:47:57","date_gmt":"2020-03-09T19:47:57","guid":{"rendered":"https:\/\/hintzonline.de\/wordpress\/?page_id=26"},"modified":"2025-09-16T10:17:22","modified_gmt":"2025-09-16T10:17:22","slug":"eintrag","status":"publish","type":"page","link":"https:\/\/unterkunft-im-odenwald.de\/?page_id=26","title":{"rendered":"<center>Eintrag<\/center>"},"content":{"rendered":"<p style=\"text-align: center;\">Sehr geehrte Damen und Herren,<\/p>\n<p style=\"text-align: center;\">Sie m\u00f6chten sich gerne im Portal \u201cUnterk\u00fcnfte im Odenwald\u201d eintragen lassen?<\/p>\n<p style=\"text-align: center;\">Eine gute Entscheidung; denn in diesem Portal haben Sie eine weitere sehr g\u00fcnstige M\u00f6glichkeit f\u00fcr Ihre Unterkunft (Zimmer, Wohnung, Haus, etc.) im Internet zu werben. Bedenken Sie bitte, je \u00f6fter Ihr Feriendomizil im Internet aufgef\u00fchrt ist, desto h\u00f6her die Anzeigequote in den verschieden Suchmaschinen des Internets.<br \/>\nDa sich immer mehr G\u00e4ste im Internet \u00fcber die verschieden Urlaubsunterk\u00fcnfte informieren, finde ich dieses Portal eine hervorragende L\u00f6sung.<\/p>\n<p style=\"text-align: center;\"><b>Unheimlich g\u00fcnstig im Internet werben!<\/b><\/p>\n<p style=\"text-align: center;\">F\u00fcr den Eintrag ins Odenwaldportal mit einem Bild, vorgegebenem Text und einem Link auf die eigene Homepage (sofern vorhanden) zahlen Sie\u00a0<b>nur 3,99 \u20ac\u00a0 im Monat<\/b> (angegebener Preis incl. der gesetzlichen Mehrwertsteuer).<\/p>\n<p style=\"text-align: center;\">Der j\u00e4hrliche Beitrag wird per SEPA-Lastschrift bequem von Ihrem Konto eingezogen. Die Einzugserm\u00e4chtigung k\u00f6nnen Sie\u00a0<span style=\"color: #ff0000;\"><a style=\"color: #ff0000;\" href=\"http:\/\/unterkunft-im-odenwald.de\/wp-content\/uploads\/2020\/06\/Einzugserm\u00e4chtigung.pdf\" target=\"_blank\" rel=\"noopener\">Hier<\/a><\/span>\u00a0downloaden.<\/p>\n<p style=\"text-align: center;\">In diesem Betrag ist ausserdem eine eigene kostenlose E-Mail-Adresse in der Form von<br \/>\nIhrName@unterkunft-im-odenwald.de\u00a0enthalten.<br \/>\nDurch diesen geringen Unkostenbeitrag ist es mir m\u00f6glich das Portal ohne st\u00f6rende Werbeeinblendungen zu unterhalten.<\/p>\n<p style=\"text-align: center;\"><b>Sie haben noch keine eigene Homepage oder ben\u00f6tigen mehr Platz f\u00fcr Ihre Angaben.<\/b><\/p>\n<p style=\"text-align: center;\">Da biete ich Ihnen zwei M\u00f6glichkeiten:<br \/>\n1. Ich erstelle Ihnen eine eigene Internetseite in diesem Portal mit Ihren Informationen und Bildern.<br \/>\nKosten f\u00fcr die Erstellung: einmalig 90.- \u20ac (+MwSt.)<\/p>\n<p style=\"text-align: center;\">2. Sie haben Interesse an einer eigenen mehrseitigen Homepage, auf die dann mit einem Link verwiesen wird (Preis auf Anfrage).<\/p>\n<p style=\"text-align: center;\">Den Auftrag zur Eintragung ins Portal erteilen Sie mir bitte schriftlich.<br \/>\nDas Auftragsformular finden Sie\u00a0<a href=\"http:\/\/unterkunft-im-odenwald.de\/wp-content\/uploads\/2025\/09\/AuftragUnterkunft.pdf\" target=\"_blank\" rel=\"noopener\"><span style=\"color: #ff0000;\">Hier<\/span><\/a>\u00a0im PDF-Format.<\/p>\n<p style=\"text-align: center;\">F\u00fcr weitere Fragen oder eine pers\u00f6nliche Beratung stehe ich Ihnen gerne unter 06255\/9683811 zur Verf\u00fcgung oder einfach eine E-Mail an <a href=\"mailto:info@hintzonline.de\">info@hintzonline.de<\/a><\/p>\n","protected":false},"excerpt":{"rendered":"<p>Sehr geehrte Damen und Herren, Sie m\u00f6chten sich gerne im Portal \u201cUnterk\u00fcnfte im Odenwald\u201d eintragen lassen? Eine gute Entscheidung; denn in diesem Portal haben Sie eine weitere sehr g\u00fcnstige M\u00f6glichkeit f\u00fcr Ihre Unterkunft (Zimmer, Wohnung, Haus, etc.) im Internet zu werben. Bedenken Sie bitte, je&nbsp;<a class=\"read-more\" href=\"https:\/\/unterkunft-im-odenwald.de\/?page_id=26\">&hellip;<\/a><\/p>\n","protected":false},"author":3,"featured_media":0,"parent":0,"menu_order":0,"comment_status":"closed","ping_status":"closed","template":"","meta":{"footnotes":""},"class_list":["post-26","page","type-page","status-publish","hentry"],"_links":{"self":[{"href":"https:\/\/unterkunft-im-odenwald.de\/index.php?rest_route=\/wp\/v2\/pages\/26","targetHints":{"allow":["GET"]}}],"collection":[{"href":"https:\/\/unterkunft-im-odenwald.de\/index.php?rest_route=\/wp\/v2\/pages"}],"about":[{"href":"https:\/\/unterkunft-im-odenwald.de\/index.php?rest_route=\/wp\/v2\/types\/page"}],"author":[{"embeddable":true,"href":"https:\/\/unterkunft-im-odenwald.de\/index.php?rest_route=\/wp\/v2\/users\/3"}],"replies":[{"embeddable":true,"href":"https:\/\/unterkunft-im-odenwald.de\/index.php?rest_route=%2Fwp%2Fv2%2Fcomments&post=26"}],"version-history":[{"count":19,"href":"https:\/\/unterkunft-im-odenwald.de\/index.php?rest_route=\/wp\/v2\/pages\/26\/revisions"}],"predecessor-version":[{"id":801,"href":"https:\/\/unterkunft-im-odenwald.de\/index.php?rest_route=\/wp\/v2\/pages\/26\/revisions\/801"}],"wp:attachment":[{"href":"https:\/\/unterkunft-im-odenwald.de\/index.php?rest_route=%2Fwp%2Fv2%2Fmedia&parent=26"}],"curies":[{"name":"wp","href":"https:\/\/api.w.org\/{rel}","templated":true}]}}